{"id":13,"date":"2021-10-21T06:34:20","date_gmt":"2021-10-21T04:34:20","guid":{"rendered":"https:\/\/espritlibre.ovh\/?page_id=13"},"modified":"2026-02-06T14:43:12","modified_gmt":"2026-02-06T13:43:12","slug":"contact","status":"publish","type":"page","link":"https:\/\/espritlibre.ovh\/?page_id=13","title":{"rendered":"Contact"},"content":{"rendered":"\n<div style=\"height:40px\" aria-hidden=\"true\" class=\"wp-block-spacer\"><\/div>\n\n\n\n<div class=\"wp-block-group is-layout-flow wp-block-group-is-layout-flow\">\n<h2 class=\"wp-block-heading has-text-align-center\"><strong>Vous avez une question ? <\/strong><\/h2>\n\n\n\n<p class=\"has-text-align-center\">Contactez-nous via ce formulaire<\/p>\n<\/div>\n\n\n\n<div style=\"height:40px\" aria-hidden=\"true\" class=\"wp-block-spacer\"><\/div>\n\n\n\n<div class=\"wp-block-columns is-layout-flex wp-container-core-columns-is-layout-28f84493 wp-block-columns-is-layout-flex\">\n<div class=\"wp-block-column is-layout-flow wp-block-column-is-layout-flow\">\n<div class=\"wpcf7 no-js\" id=\"wpcf7-f1334-o1\" lang=\"fr-FR\" dir=\"ltr\" data-wpcf7-id=\"1334\">\n<div class=\"screen-reader-response\"><p role=\"status\" aria-live=\"polite\" aria-atomic=\"true\"><\/p> <ul><\/ul><\/div>\n<form action=\"\/index.php?rest_route=%2Fwp%2Fv2%2Fpages%2F13#wpcf7-f1334-o1\" method=\"post\" class=\"wpcf7-form init\" aria-label=\"Formulaire de contact\" novalidate=\"novalidate\" data-status=\"init\">\n<fieldset class=\"hidden-fields-container\"><input type=\"hidden\" name=\"_wpcf7\" value=\"1334\" \/><input type=\"hidden\" name=\"_wpcf7_version\" value=\"6.1.5\" \/><input type=\"hidden\" name=\"_wpcf7_locale\" value=\"fr_FR\" \/><input type=\"hidden\" name=\"_wpcf7_unit_tag\" value=\"wpcf7-f1334-o1\" \/><input type=\"hidden\" name=\"_wpcf7_container_post\" value=\"0\" \/><input type=\"hidden\" name=\"_wpcf7_posted_data_hash\" value=\"\" \/>\n<\/fieldset>\n<p><label> Votre nom<br \/>\n<span class=\"wpcf7-form-control-wrap\" data-name=\"your-name\"><input size=\"40\" maxlength=\"400\" class=\"wpcf7-form-control wpcf7-text wpcf7-validates-as-required\" aria-required=\"true\" aria-invalid=\"false\" value=\"\" type=\"text\" name=\"your-name\" \/><\/span> <\/label>\n<\/p>\n<p><label> Votre e-mail<br \/>\n<span class=\"wpcf7-form-control-wrap\" data-name=\"your-email\"><input size=\"40\" maxlength=\"400\" class=\"wpcf7-form-control wpcf7-email wpcf7-validates-as-required wpcf7-text wpcf7-validates-as-email\" aria-required=\"true\" aria-invalid=\"false\" value=\"\" type=\"email\" name=\"your-email\" \/><\/span> <\/label>\n<\/p>\n<p><label> Objet<br \/>\n<span class=\"wpcf7-form-control-wrap\" data-name=\"your-subject\"><input size=\"40\" maxlength=\"400\" class=\"wpcf7-form-control wpcf7-text wpcf7-validates-as-required\" aria-required=\"true\" aria-invalid=\"false\" value=\"\" type=\"text\" name=\"your-subject\" \/><\/span> <\/label>\n<\/p>\n<p><label> Votre message (facultatif)<br \/>\n<span class=\"wpcf7-form-control-wrap\" data-name=\"your-message\"><textarea cols=\"40\" rows=\"10\" maxlength=\"2000\" class=\"wpcf7-form-control wpcf7-textarea\" aria-invalid=\"false\" name=\"your-message\"><\/textarea><\/span> <\/label>\n<\/p>\n<p><span class=\"wpcf7-form-control-wrap\" data-name=\"acceptance-600\"><span class=\"wpcf7-form-control wpcf7-acceptance\"><span class=\"wpcf7-list-item\"><label><input type=\"checkbox\" name=\"acceptance-600\" value=\"1\" aria-invalid=\"false\" \/><span class=\"wpcf7-list-item-label\"><a href=\"https:\/\/espritlibre.ovh\/?page_id=3\"> J'ai lu et j'accepte la politique de confidentialit\u00e9 <\/a><\/span><\/label><\/span><\/span><\/span>\n<\/p>\n<p><input class=\"wpcf7-form-control wpcf7-submit has-spinner\" type=\"submit\" value=\"Envoyer\" \/>\n<\/p><div class=\"wpcf7-response-output\" aria-hidden=\"true\"><\/div>\n<\/form>\n<\/div>\n\n<\/div>\n\n\n\n<div class=\"wp-block-column is-vertically-aligned-center is-layout-flow wp-block-column-is-layout-flow\">\n<figure class=\"wp-block-image aligncenter size-large is-resized\"><img data-recalc-dims=\"1\" loading=\"lazy\" decoding=\"async\" width=\"640\" height=\"480\" src=\"https:\/\/i0.wp.com\/espritlibre.ovh\/wp-content\/uploads\/2024\/05\/logo-1.jpg?resize=640%2C480&#038;ssl=1\" alt=\"\" class=\"wp-image-4674\" style=\"width:148px;height:auto\" srcset=\"https:\/\/i0.wp.com\/espritlibre.ovh\/wp-content\/uploads\/2024\/05\/logo-1-scaled.jpg?resize=1024%2C768&amp;ssl=1 1024w, https:\/\/i0.wp.com\/espritlibre.ovh\/wp-content\/uploads\/2024\/05\/logo-1-scaled.jpg?resize=300%2C225&amp;ssl=1 300w, https:\/\/i0.wp.com\/espritlibre.ovh\/wp-content\/uploads\/2024\/05\/logo-1-scaled.jpg?resize=768%2C576&amp;ssl=1 768w, https:\/\/i0.wp.com\/espritlibre.ovh\/wp-content\/uploads\/2024\/05\/logo-1-scaled.jpg?resize=1536%2C1152&amp;ssl=1 1536w, https:\/\/i0.wp.com\/espritlibre.ovh\/wp-content\/uploads\/2024\/05\/logo-1-scaled.jpg?resize=2048%2C1536&amp;ssl=1 2048w, https:\/\/i0.wp.com\/espritlibre.ovh\/wp-content\/uploads\/2024\/05\/logo-1-scaled.jpg?w=1280&amp;ssl=1 1280w, https:\/\/i0.wp.com\/espritlibre.ovh\/wp-content\/uploads\/2024\/05\/logo-1-scaled.jpg?w=1920&amp;ssl=1 1920w\" sizes=\"auto, (max-width: 640px) 100vw, 640px\" \/><\/figure>\n\n\n\n<p class=\"has-text-align-center\"><strong>Un tel : <strong>06 28 56 94 28<\/strong><\/strong><\/p>\n\n\n\n<p class=\"has-text-align-center\"><strong>Email : associationespritlibre76@gmail.com<\/strong><\/p>\n\n\n\n<p><\/p>\n\n\n\n<p><\/p>\n<\/div>\n<\/div>\n\n\n\n<div style=\"height:40px\" aria-hidden=\"true\" class=\"wp-block-spacer\"><\/div>\n","protected":false},"excerpt":{"rendered":"<p>Vous avez une question ? Contactez-nous via ce formulaire Un tel : 06 28 56 94 28 Email<\/p>\n","protected":false},"author":1,"featured_media":0,"parent":0,"menu_order":0,"comment_status":"closed","ping_status":"closed","template":"","meta":{"footnotes":""},"class_list":["post-13","page","type-page","status-publish","hentry"],"jetpack-related-posts":[{"id":3,"url":"https:\/\/espritlibre.ovh\/?page_id=3","url_meta":{"origin":13,"position":0},"title":"Politique de confidentialit\u00e9","author":"Esprit Libre","date":"20 octobre 2021","format":false,"excerpt":"Qui sommes-nous\u00a0? L\u2019adresse de notre site Web est\u00a0: https:\/\/espritlibre.ovh. Utilisation des donn\u00e9es personnelles collect\u00e9es Commentaires Quand vous laissez un commentaire sur notre site web, les donn\u00e9es inscrites dans le formulaire de commentaire, mais aussi votre adresse IP et l\u2019agent utilisateur de votre navigateur sont collect\u00e9s pour nous aider \u00e0 la\u2026","rel":"","context":"Article similaire","block_context":{"text":"Article similaire","link":""},"img":{"alt_text":"","src":"","width":0,"height":0},"classes":[]},{"id":910,"url":"https:\/\/espritlibre.ovh\/?page_id=910","url_meta":{"origin":13,"position":1},"title":"Radio Esprit Libre","author":"Esprit Libre","date":"26 mai 2022","format":false,"excerpt":"","rel":"","context":"Article similaire","block_context":{"text":"Article similaire","link":""},"img":{"alt_text":"","src":"https:\/\/i0.wp.com\/espritlibre.ovh\/wp-content\/uploads\/2026\/03\/logo-esprit-libre-radio.jpeg?resize=350%2C200&ssl=1","width":350,"height":200},"classes":[]},{"id":3038,"url":"https:\/\/espritlibre.ovh\/?page_id=3038","url_meta":{"origin":13,"position":2},"title":"Soutiens-nous avec ton pognon","author":"Esprit Libre","date":"9 juin 2023","format":false,"excerpt":"Soutiens-nous avec ton pognon ! POUR FAIRE UN DON CLIQUER SUR LE BOUTON \u201cCONTRIBUER\u201d Esprit Libre soutient l'expression libre Depuis 2021, nous travaillons b\u00e9n\u00e9volement. Ici, pas de pub, ni subventions . Esprit Libre est une association qui soutient la culture locale par la mise en ligne de cr\u00e9ations artistiques et\u2026","rel":"","context":"Article similaire","block_context":{"text":"Article similaire","link":""},"img":{"alt_text":"","src":"https:\/\/i0.wp.com\/espritlibre.ovh\/wp-content\/uploads\/2024\/05\/logo-1-scaled.jpg?resize=350%2C200&ssl=1","width":350,"height":200,"srcset":"https:\/\/i0.wp.com\/espritlibre.ovh\/wp-content\/uploads\/2024\/05\/logo-1-scaled.jpg?resize=350%2C200&ssl=1 1x, https:\/\/i0.wp.com\/espritlibre.ovh\/wp-content\/uploads\/2024\/05\/logo-1-scaled.jpg?resize=525%2C300&ssl=1 1.5x, https:\/\/i0.wp.com\/espritlibre.ovh\/wp-content\/uploads\/2024\/05\/logo-1-scaled.jpg?resize=700%2C400&ssl=1 2x, https:\/\/i0.wp.com\/espritlibre.ovh\/wp-content\/uploads\/2024\/05\/logo-1-scaled.jpg?resize=1050%2C600&ssl=1 3x, https:\/\/i0.wp.com\/espritlibre.ovh\/wp-content\/uploads\/2024\/05\/logo-1-scaled.jpg?resize=1400%2C800&ssl=1 4x"},"classes":[]},{"id":7294,"url":"https:\/\/espritlibre.ovh\/?page_id=7294","url_meta":{"origin":13,"position":3},"title":"Le projet","author":"Esprit Libre","date":"2 novembre 2025","format":false,"excerpt":"Nous avons d\u00e9cid\u00e9 de partager en temps r\u00e9el le projet et les diff\u00e9rentes \u00e9tapes de d\u00e9veloppement de notre activit\u00e9. Phase 1 \u2013 Janvier 2026 : Lancement op\u00e9rationnel Objectif : rendre la maison d\u2019\u00e9dition pleinement active et visible. Actions : Mise en ligne officielle du site (activation des ventes d\u00e9mat\u00e9rialis\u00e9es). (\u2026","rel":"","context":"Article similaire","block_context":{"text":"Article similaire","link":""},"img":{"alt_text":"","src":"","width":0,"height":0},"classes":[]},{"id":35,"url":"https:\/\/espritlibre.ovh\/?page_id=35","url_meta":{"origin":13,"position":4},"title":"Le Journal","author":"Esprit Libre","date":"21 octobre 2021","format":false,"excerpt":"Esprit-Libre notre webzine Magazine d\u2019expression libre branch\u00e9 essentiellement sur la m\u00e9tropole rouennaise et traitant de sujets de soci\u00e9t\u00e9, culturels, politiques.\u00a0 Sans pub et gratuit le temps de la phase d'exp\u00e9rimentation Num\u00e9ro 8 En mode Journal Num\u00e9ro 7 En mode Journal Num\u00e9ro 6 En mode journal Num\u00e9ro 5 En mode Journal\u2026","rel":"","context":"Article similaire","block_context":{"text":"Article similaire","link":""},"img":{"alt_text":"","src":"https:\/\/i0.wp.com\/espritlibre.ovh\/wp-content\/uploads\/2023\/05\/couv-twitter.jpg?resize=350%2C200&ssl=1","width":350,"height":200,"srcset":"https:\/\/i0.wp.com\/espritlibre.ovh\/wp-content\/uploads\/2023\/05\/couv-twitter.jpg?resize=350%2C200&ssl=1 1x, https:\/\/i0.wp.com\/espritlibre.ovh\/wp-content\/uploads\/2023\/05\/couv-twitter.jpg?resize=525%2C300&ssl=1 1.5x, https:\/\/i0.wp.com\/espritlibre.ovh\/wp-content\/uploads\/2023\/05\/couv-twitter.jpg?resize=700%2C400&ssl=1 2x, https:\/\/i0.wp.com\/espritlibre.ovh\/wp-content\/uploads\/2023\/05\/couv-twitter.jpg?resize=1050%2C600&ssl=1 3x"},"classes":[]}],"jetpack_sharing_enabled":true,"_links":{"self":[{"href":"https:\/\/espritlibre.ovh\/index.php?rest_route=\/wp\/v2\/pages\/13","targetHints":{"allow":["GET"]}}],"collection":[{"href":"https:\/\/espritlibre.ovh\/index.php?rest_route=\/wp\/v2\/pages"}],"about":[{"href":"https:\/\/espritlibre.ovh\/index.php?rest_route=\/wp\/v2\/types\/page"}],"author":[{"embeddable":true,"href":"https:\/\/espritlibre.ovh\/index.php?rest_route=\/wp\/v2\/users\/1"}],"replies":[{"embeddable":true,"href":"https:\/\/espritlibre.ovh\/index.php?rest_route=%2Fwp%2Fv2%2Fcomments&post=13"}],"version-history":[{"count":0,"href":"https:\/\/espritlibre.ovh\/index.php?rest_route=\/wp\/v2\/pages\/13\/revisions"}],"wp:attachment":[{"href":"https:\/\/espritlibre.ovh\/index.php?rest_route=%2Fwp%2Fv2%2Fmedia&parent=13"}],"curies":[{"name":"wp","href":"https:\/\/api.w.org\/{rel}","templated":true}]}}