{"id":3,"date":"2021-10-20T04:52:27","date_gmt":"2021-10-20T02:52:27","guid":{"rendered":"https:\/\/espritlibre.ovh\/?page_id=3"},"modified":"2025-12-20T17:35:51","modified_gmt":"2025-12-20T16:35:51","slug":"politique-de-confidentialite","status":"publish","type":"page","link":"https:\/\/espritlibre.ovh\/?page_id=3","title":{"rendered":"Politique de confidentialit\u00e9"},"content":{"rendered":"\n<h2 class=\"wp-block-heading\">Qui sommes-nous&nbsp;?<\/h2>\n\n\n\n<p>L\u2019adresse de notre site Web est&nbsp;: https:\/\/espritlibre.ovh.<\/p>\n\n\n\n<h2 class=\"wp-block-heading\">Utilisation des donn\u00e9es personnelles collect\u00e9es<\/h2>\n\n\n\n<h3 class=\"wp-block-heading\">Commentaires<\/h3>\n\n\n\n<p>Quand vous laissez un commentaire sur notre site web, les donn\u00e9es inscrites dans le formulaire de commentaire, mais aussi votre adresse IP et l\u2019agent utilisateur de votre navigateur sont collect\u00e9s pour nous aider \u00e0 la d\u00e9tection des commentaires ind\u00e9sirables.<\/p>\n\n\n\n<p>Une cha\u00eene anonymis\u00e9e cr\u00e9\u00e9e \u00e0 partir de votre adresse de messagerie (\u00e9galement appel\u00e9e hash) peut \u00eatre envoy\u00e9e au service Gravatar pour v\u00e9rifier si vous utilisez ce dernier. Les clauses de confidentialit\u00e9 du service Gravatar sont disponibles ici&nbsp;: https:\/\/automattic.com\/privacy\/. Apr\u00e8s validation de votre commentaire, votre photo de profil sera visible publiquement \u00e0 cot\u00e9 de votre commentaire.<\/p>\n\n\n\n<h3 class=\"wp-block-heading\">M\u00e9dias<\/h3>\n\n\n\n<p>Si vous \u00eates un utilisateur ou une utilisatrice enregistr\u00e9\u00b7e et que vous t\u00e9l\u00e9versez des images sur le site web, nous vous conseillons d\u2019\u00e9viter de t\u00e9l\u00e9verser des images contenant des donn\u00e9es EXIF de coordonn\u00e9es GPS. Les visiteurs de votre site web peuvent t\u00e9l\u00e9charger et extraire des donn\u00e9es de localisation depuis ces images.<\/p>\n\n\n\n<h3 class=\"wp-block-heading\">Formulaires de contact<\/h3>\n\n\n\n<h3 class=\"wp-block-heading\">Cookies<\/h3>\n\n\n\n<p>Si vous d\u00e9posez un commentaire sur notre site, il vous sera propos\u00e9 d\u2019enregistrer votre nom, adresse de messagerie et site web dans des cookies. C\u2019est uniquement pour votre confort afin de ne pas avoir \u00e0 saisir ces informations si vous d\u00e9posez un autre commentaire plus tard. Ces cookies expirent au bout d\u2019un an.<\/p>\n\n\n\n<p>Si vous vous rendez sur la page de connexion, un cookie temporaire sera cr\u00e9\u00e9 afin de d\u00e9terminer si votre navigateur accepte les cookies. Il ne contient pas de donn\u00e9es personnelles et sera supprim\u00e9 automatiquement \u00e0 la fermeture de votre navigateur.<\/p>\n\n\n\n<p>Lorsque vous vous connecterez, nous mettrons en place un certain nombre de cookies pour enregistrer vos informations de connexion et vos pr\u00e9f\u00e9rences d\u2019\u00e9cran. La dur\u00e9e de vie d\u2019un cookie de connexion est de deux jours, celle d\u2019un cookie d\u2019option d\u2019\u00e9cran est d\u2019un an. Si vous cochez \u00ab&nbsp;Se souvenir de moi&nbsp;\u00bb, votre cookie de connexion sera conserv\u00e9 pendant deux semaines. Si vous vous d\u00e9connectez de votre compte, le cookie de connexion sera effac\u00e9.<\/p>\n\n\n\n<p>En modifiant ou en publiant une publication, un cookie suppl\u00e9mentaire sera enregistr\u00e9 dans votre navigateur. Ce cookie ne comprend aucune donn\u00e9e personnelle. Il indique simplement l\u2019ID de la publication que vous venez de modifier. Il expire au bout d\u2019un jour.<\/p>\n\n\n\n<h3 class=\"wp-block-heading\">Contenu embarqu\u00e9 depuis d\u2019autres sites<\/h3>\n\n\n\n<p>Les articles de ce site peuvent inclure des contenus int\u00e9gr\u00e9s (par exemple des vid\u00e9os, images, articles\u2026). Le contenu int\u00e9gr\u00e9 depuis d\u2019autres sites se comporte de la m\u00eame mani\u00e8re que si le visiteur se rendait sur cet autre site.<\/p>\n\n\n\n<p>Ces sites web pourraient collecter des donn\u00e9es sur vous, utiliser des cookies, embarquer des outils de suivis tiers, suivre vos interactions avec ces contenus embarqu\u00e9s si vous disposez d\u2019un compte connect\u00e9 sur leur site web.<\/p>\n\n\n\n<h3 class=\"wp-block-heading\">Statistiques et mesures d\u2019audience<\/h3>\n\n\n\n<h2 class=\"wp-block-heading\">Utilisation et transmission de vos donn\u00e9es personnelles<\/h2>\n\n\n\n<h2 class=\"wp-block-heading\">Dur\u00e9es de stockage de vos donn\u00e9es<\/h2>\n\n\n\n<p>Si vous laissez un commentaire, le commentaire et ses m\u00e9tadonn\u00e9es sont conserv\u00e9s ind\u00e9finiment. Cela permet de reconna\u00eetre et approuver automatiquement les commentaires suivants au lieu de les laisser dans la file de mod\u00e9ration.<\/p>\n\n\n\n<p>Pour les utilisateurs et utilisatrices qui s\u2019inscrivent sur notre site (si cela est possible), nous stockons \u00e9galement les donn\u00e9es personnelles indiqu\u00e9es dans leur profil. Tous les utilisateurs et utilisatrices peuvent voir, modifier ou supprimer leurs informations personnelles \u00e0 tout moment (\u00e0 l\u2019exception de leur nom d\u2019utilisateur\u00b7ice). Les gestionnaires du site peuvent aussi voir et modifier ces informations.<\/p>\n\n\n\n<h2 class=\"wp-block-heading\">Les droits que vous avez sur vos donn\u00e9es<\/h2>\n\n\n\n<p>Si vous avez un compte ou si vous avez laiss\u00e9 des commentaires sur le site, vous pouvez demander \u00e0 recevoir un fichier contenant toutes les donn\u00e9es personnelles que nous poss\u00e9dons \u00e0 votre sujet, incluant celles que vous nous avez fournies. Vous pouvez \u00e9galement demander la suppression des donn\u00e9es personnelles vous concernant. Cela ne prend pas en compte les donn\u00e9es stock\u00e9es \u00e0 des fins administratives, l\u00e9gales ou pour des raisons de s\u00e9curit\u00e9.<\/p>\n\n\n\n<h2 class=\"wp-block-heading\">Transmission de vos donn\u00e9es personnelles<\/h2>\n\n\n\n<p>Les commentaires des visiteurs peuvent \u00eatre v\u00e9rifi\u00e9s \u00e0 l\u2019aide d\u2019un service automatis\u00e9 de d\u00e9tection des commentaires ind\u00e9sirables.<\/p>\n\n\n\n<h2 class=\"wp-block-heading\">Informations de contact<\/h2>\n\n\n\n<h2 class=\"wp-block-heading\">Informations suppl\u00e9mentaires<\/h2>\n\n\n\n<h3 class=\"wp-block-heading\">Comment nous prot\u00e9geons vos donn\u00e9es<\/h3>\n\n\n\n<h3 class=\"wp-block-heading\">Proc\u00e9dures mises en \u0153uvre en cas de fuite de donn\u00e9es<\/h3>\n\n\n\n<h3 class=\"wp-block-heading\">Les services tiers qui nous transmettent des donn\u00e9es<\/h3>\n\n\n\n<h3 class=\"wp-block-heading\">Op\u00e9rations de marketing automatis\u00e9 et\/ou de profilage r\u00e9alis\u00e9es \u00e0 l\u2019aide des donn\u00e9es personnelles<\/h3>\n\n\n\n<h3 class=\"wp-block-heading\">Affichage des informations li\u00e9es aux secteurs soumis \u00e0 des r\u00e9gulations sp\u00e9cifiques<\/h3>\n","protected":false},"excerpt":{"rendered":"<p>Qui sommes-nous&nbsp;? L\u2019adresse de notre site Web est&nbsp;: https:\/\/espritlibre.ovh. Utilisation des donn\u00e9es personnelles collect\u00e9es Commentaires Quand vous laissez<\/p>\n","protected":false},"author":1,"featured_media":0,"parent":0,"menu_order":0,"comment_status":"closed","ping_status":"open","template":"","meta":{"footnotes":""},"class_list":["post-3","page","type-page","status-publish","hentry"],"jetpack-related-posts":[{"id":7065,"url":"https:\/\/espritlibre.ovh\/?page_id=7065","url_meta":{"origin":3,"position":0},"title":"\u00catre \u00e9dit\u00e9 par &#8230;","author":"Esprit Libre","date":"5 octobre 2025","format":false,"excerpt":"Vous souhaitez \u00eatre \u00e9dit\u00e9 Pour rejoindre les \u00e9ditions \u00ab\u00a0Esprit Libre\u00a0\u00bb, envoyez-nous vos manuscrits \u00e0 l'adresse mail suivante : associationespritlibre76@gmail.com","rel":"","context":"Article similaire","block_context":{"text":"Article similaire","link":""},"img":{"alt_text":"","src":"https:\/\/i0.wp.com\/espritlibre.ovh\/wp-content\/uploads\/2024\/05\/logo-1-scaled.jpg?resize=350%2C200&ssl=1","width":350,"height":200,"srcset":"https:\/\/i0.wp.com\/espritlibre.ovh\/wp-content\/uploads\/2024\/05\/logo-1-scaled.jpg?resize=350%2C200&ssl=1 1x, https:\/\/i0.wp.com\/espritlibre.ovh\/wp-content\/uploads\/2024\/05\/logo-1-scaled.jpg?resize=525%2C300&ssl=1 1.5x, https:\/\/i0.wp.com\/espritlibre.ovh\/wp-content\/uploads\/2024\/05\/logo-1-scaled.jpg?resize=700%2C400&ssl=1 2x, https:\/\/i0.wp.com\/espritlibre.ovh\/wp-content\/uploads\/2024\/05\/logo-1-scaled.jpg?resize=1050%2C600&ssl=1 3x, https:\/\/i0.wp.com\/espritlibre.ovh\/wp-content\/uploads\/2024\/05\/logo-1-scaled.jpg?resize=1400%2C800&ssl=1 4x"},"classes":[]},{"id":910,"url":"https:\/\/espritlibre.ovh\/?page_id=910","url_meta":{"origin":3,"position":1},"title":"Radio Esprit Libre","author":"Esprit Libre","date":"26 mai 2022","format":false,"excerpt":"","rel":"","context":"Article similaire","block_context":{"text":"Article similaire","link":""},"img":{"alt_text":"","src":"https:\/\/i0.wp.com\/espritlibre.ovh\/wp-content\/uploads\/2026\/03\/logo-esprit-libre-radio.jpeg?resize=350%2C200&ssl=1","width":350,"height":200},"classes":[]},{"id":7294,"url":"https:\/\/espritlibre.ovh\/?page_id=7294","url_meta":{"origin":3,"position":2},"title":"Le projet","author":"Esprit Libre","date":"2 novembre 2025","format":false,"excerpt":"Nous avons d\u00e9cid\u00e9 de partager en temps r\u00e9el le projet et les diff\u00e9rentes \u00e9tapes de d\u00e9veloppement de notre activit\u00e9. Phase 1 \u2013 Janvier 2026 : Lancement op\u00e9rationnel Objectif : rendre la maison d\u2019\u00e9dition pleinement active et visible. Actions : Mise en ligne officielle du site (activation des ventes d\u00e9mat\u00e9rialis\u00e9es). (\u2026","rel":"","context":"Article similaire","block_context":{"text":"Article similaire","link":""},"img":{"alt_text":"","src":"","width":0,"height":0},"classes":[]},{"id":3038,"url":"https:\/\/espritlibre.ovh\/?page_id=3038","url_meta":{"origin":3,"position":3},"title":"Soutiens-nous avec ton pognon","author":"Esprit Libre","date":"9 juin 2023","format":false,"excerpt":"Soutiens-nous avec ton pognon ! POUR FAIRE UN DON CLIQUER SUR LE BOUTON \u201cCONTRIBUER\u201d Esprit Libre soutient l'expression libre Depuis 2021, nous travaillons b\u00e9n\u00e9volement. Ici, pas de pub, ni subventions . Esprit Libre est une association qui soutient la culture locale par la mise en ligne de cr\u00e9ations artistiques et\u2026","rel":"","context":"Article similaire","block_context":{"text":"Article similaire","link":""},"img":{"alt_text":"","src":"https:\/\/i0.wp.com\/espritlibre.ovh\/wp-content\/uploads\/2024\/05\/logo-1-scaled.jpg?resize=350%2C200&ssl=1","width":350,"height":200,"srcset":"https:\/\/i0.wp.com\/espritlibre.ovh\/wp-content\/uploads\/2024\/05\/logo-1-scaled.jpg?resize=350%2C200&ssl=1 1x, https:\/\/i0.wp.com\/espritlibre.ovh\/wp-content\/uploads\/2024\/05\/logo-1-scaled.jpg?resize=525%2C300&ssl=1 1.5x, https:\/\/i0.wp.com\/espritlibre.ovh\/wp-content\/uploads\/2024\/05\/logo-1-scaled.jpg?resize=700%2C400&ssl=1 2x, https:\/\/i0.wp.com\/espritlibre.ovh\/wp-content\/uploads\/2024\/05\/logo-1-scaled.jpg?resize=1050%2C600&ssl=1 3x, https:\/\/i0.wp.com\/espritlibre.ovh\/wp-content\/uploads\/2024\/05\/logo-1-scaled.jpg?resize=1400%2C800&ssl=1 4x"},"classes":[]},{"id":7199,"url":"https:\/\/espritlibre.ovh\/?page_id=7199","url_meta":{"origin":3,"position":4},"title":"A propos","author":"Esprit Libre","date":"26 octobre 2025","format":false,"excerpt":"\u00c0 propos de notre association Esprit Libre. \"Esprit Libre\" est une association d'action culturelle et de cr\u00e9ation artistique. Nous projet est de lancer une maison d'\u00e9dition associative dont l'objectif sera de permettre \u00e0 tout artiste de Normandie de pouvoir \u00eatre \u00e9dit\u00e9s sur la base de contrat d'\u00e9dition priorisant la r\u00e9mun\u00e9ration\u2026","rel":"","context":"Article similaire","block_context":{"text":"Article similaire","link":""},"img":{"alt_text":"","src":"https:\/\/i0.wp.com\/espritlibre.ovh\/wp-content\/uploads\/2024\/05\/logo-1-scaled.jpg?resize=350%2C200&ssl=1","width":350,"height":200,"srcset":"https:\/\/i0.wp.com\/espritlibre.ovh\/wp-content\/uploads\/2024\/05\/logo-1-scaled.jpg?resize=350%2C200&ssl=1 1x, https:\/\/i0.wp.com\/espritlibre.ovh\/wp-content\/uploads\/2024\/05\/logo-1-scaled.jpg?resize=525%2C300&ssl=1 1.5x, https:\/\/i0.wp.com\/espritlibre.ovh\/wp-content\/uploads\/2024\/05\/logo-1-scaled.jpg?resize=700%2C400&ssl=1 2x, https:\/\/i0.wp.com\/espritlibre.ovh\/wp-content\/uploads\/2024\/05\/logo-1-scaled.jpg?resize=1050%2C600&ssl=1 3x, https:\/\/i0.wp.com\/espritlibre.ovh\/wp-content\/uploads\/2024\/05\/logo-1-scaled.jpg?resize=1400%2C800&ssl=1 4x"},"classes":[]},{"id":33,"url":"https:\/\/espritlibre.ovh\/?page_id=33","url_meta":{"origin":3,"position":5},"title":"Pr\u00e9sentation","author":"Esprit Libre","date":"21 octobre 2021","format":false,"excerpt":"Pr\u00e9sentation Esprit Libre : Une maison d'\u00e9dition associative en Normandie. Voil\u00e0 un projet des plus d\u00e9licats et passionnant. c'est bien la passion qui nous alimentent. Celle qui consiste \u00e0 mettre en lumi\u00e8re des artistes locaux au travers la vente de leurs r\u00e9alisations. Notre objectif, c'est de permettre aux artistes \u00e9dit\u00e9s\u2026","rel":"","context":"Article similaire","block_context":{"text":"Article similaire","link":""},"img":{"alt_text":"","src":"","width":0,"height":0},"classes":[]}],"jetpack_sharing_enabled":true,"_links":{"self":[{"href":"https:\/\/espritlibre.ovh\/index.php?rest_route=\/wp\/v2\/pages\/3","targetHints":{"allow":["GET"]}}],"collection":[{"href":"https:\/\/espritlibre.ovh\/index.php?rest_route=\/wp\/v2\/pages"}],"about":[{"href":"https:\/\/espritlibre.ovh\/index.php?rest_route=\/wp\/v2\/types\/page"}],"author":[{"embeddable":true,"href":"https:\/\/espritlibre.ovh\/index.php?rest_route=\/wp\/v2\/users\/1"}],"replies":[{"embeddable":true,"href":"https:\/\/espritlibre.ovh\/index.php?rest_route=%2Fwp%2Fv2%2Fcomments&post=3"}],"version-history":[{"count":0,"href":"https:\/\/espritlibre.ovh\/index.php?rest_route=\/wp\/v2\/pages\/3\/revisions"}],"wp:attachment":[{"href":"https:\/\/espritlibre.ovh\/index.php?rest_route=%2Fwp%2Fv2%2Fmedia&parent=3"}],"curies":[{"name":"wp","href":"https:\/\/api.w.org\/{rel}","templated":true}]}}